{"id":1095,"date":"2025-10-12T09:12:00","date_gmt":"2025-10-12T07:12:00","guid":{"rendered":"https:\/\/gyaanlyon.com\/?page_id=1095"},"modified":"2026-03-09T19:54:02","modified_gmt":"2026-03-09T17:54:02","slug":"events","status":"publish","type":"page","link":"https:\/\/gyaanlyon.com\/de\/events\/","title":{"rendered":"Events"},"content":{"rendered":"<div data-elementor-type=\"wp-page\" data-elementor-id=\"1095\" class=\"elementor elementor-1095\" data-elementor-post-type=\"page\">\n\t\t\t\t\t\t<section class=\"elementor-section elementor-top-section elementor-element elementor-element-4d8e13d elementor-section-boxed elementor-section-height-default elementor-section-height-default\" data-id=\"4d8e13d\" data-element_type=\"section\" data-e-type=\"section\">\n\t\t\t\t\t\t<div class=\"elementor-container elementor-column-gap-default\">\n\t\t\t\t\t<div class=\"elementor-column elementor-col-100 elementor-top-column elementor-element elementor-element-05218f4\" data-id=\"05218f4\" data-element_type=\"column\" data-e-type=\"column\">\n\t\t\t<div class=\"elementor-widget-wrap\">\n\t\t\t\t\t\t\t<\/div>\n\t\t<\/div>\n\t\t\t\t\t<\/div>\n\t\t<\/section>\n\t\t\t\t<section class=\"elementor-section elementor-top-section elementor-element elementor-element-36c62e4 elementor-section-boxed elementor-section-height-default elementor-section-height-default\" data-id=\"36c62e4\" data-element_type=\"section\" data-e-type=\"section\">\n\t\t\t\t\t\t<div class=\"elementor-container elementor-column-gap-default\">\n\t\t\t\t\t<div class=\"elementor-column elementor-col-100 elementor-top-column elementor-element elementor-element-7d0c6e2\" data-id=\"7d0c6e2\" data-element_type=\"column\" data-e-type=\"column\">\n\t\t\t<div class=\"elementor-widget-wrap elementor-element-populated\">\n\t\t\t\t\t\t<div class=\"elementor-element elementor-element-ae5a4fe elementor-widget elementor-widget-heading\" data-id=\"ae5a4fe\" data-element_type=\"widget\" data-e-type=\"widget\" data-widget_type=\"heading.default\">\n\t\t\t\t<div class=\"elementor-widget-container\">\n\t\t\t\t\t<span class=\"elementor-heading-title elementor-size-default\">Events<\/span>\t\t\t\t<\/div>\n\t\t\t\t<\/div>\n\t\t\t\t\t<\/div>\n\t\t<\/div>\n\t\t\t\t\t<\/div>\n\t\t<\/section>\n\t\t\t\t<section class=\"elementor-section elementor-top-section elementor-element elementor-element-3c67b53 elementor-section-boxed elementor-section-height-default elementor-section-height-default\" data-id=\"3c67b53\" data-element_type=\"section\" data-e-type=\"section\">\n\t\t\t\t\t\t<div class=\"elementor-container elementor-column-gap-default\">\n\t\t\t\t\t<div class=\"elementor-column elementor-col-100 elementor-top-column elementor-element elementor-element-a284e4f\" data-id=\"a284e4f\" data-element_type=\"column\" data-e-type=\"column\">\n\t\t\t<div class=\"elementor-widget-wrap elementor-element-populated\">\n\t\t\t\t\t\t<div class=\"elementor-element elementor-element-e646e1e elementor-widget elementor-widget-image\" data-id=\"e646e1e\" data-element_type=\"widget\" data-e-type=\"widget\" data-widget_type=\"image.default\">\n\t\t\t\t<div class=\"elementor-widget-container\">\n\t\t\t\t\t\t\t\t\t\t\t\t\t\t\t<img fetchpriority=\"high\" decoding=\"async\" width=\"800\" height=\"571\" src=\"https:\/\/gyaanlyon.com\/wp-content\/uploads\/2025\/10\/opernkulisse-GL-alone-on-Stage-1024x731.jpg\" class=\"attachment-large size-large wp-image-1127\" alt=\"Drawing of Gyaan Lyon on stage\" srcset=\"https:\/\/gyaanlyon.com\/wp-content\/uploads\/2025\/10\/opernkulisse-GL-alone-on-Stage-1024x731.jpg 1024w, https:\/\/gyaanlyon.com\/wp-content\/uploads\/2025\/10\/opernkulisse-GL-alone-on-Stage-300x214.jpg 300w, https:\/\/gyaanlyon.com\/wp-content\/uploads\/2025\/10\/opernkulisse-GL-alone-on-Stage-768x549.jpg 768w, https:\/\/gyaanlyon.com\/wp-content\/uploads\/2025\/10\/opernkulisse-GL-alone-on-Stage-1536x1097.jpg 1536w, https:\/\/gyaanlyon.com\/wp-content\/uploads\/2025\/10\/opernkulisse-GL-alone-on-Stage-2048x1463.jpg 2048w, https:\/\/gyaanlyon.com\/wp-content\/uploads\/2025\/10\/opernkulisse-GL-alone-on-Stage-18x12.jpg 18w\" sizes=\"(max-width: 800px) 100vw, 800px\" \/>\t\t\t\t\t\t\t\t\t\t\t\t\t\t\t<\/div>\n\t\t\t\t<\/div>\n\t\t\t\t\t<\/div>\n\t\t<\/div>\n\t\t\t\t\t<\/div>\n\t\t<\/section>\n\t\t\t\t<section class=\"elementor-section elementor-top-section elementor-element elementor-element-a10d732 elementor-section-boxed elementor-section-height-default elementor-section-height-default\" data-id=\"a10d732\" data-element_type=\"section\" data-e-type=\"section\">\n\t\t\t\t\t\t<div class=\"elementor-container elementor-column-gap-default\">\n\t\t\t\t\t<div class=\"elementor-column elementor-col-100 elementor-top-column elementor-element elementor-element-2f7d9e2\" data-id=\"2f7d9e2\" data-element_type=\"column\" data-e-type=\"column\">\n\t\t\t<div class=\"elementor-widget-wrap elementor-element-populated\">\n\t\t\t\t\t\t<div class=\"elementor-element elementor-element-aa55052 elementor-widget elementor-widget-spacer\" data-id=\"aa55052\" data-element_type=\"widget\" data-e-type=\"widget\" data-widget_type=\"spacer.default\">\n\t\t\t\t<div class=\"elementor-widget-container\">\n\t\t\t\t\t\t\t<div class=\"elementor-spacer\">\n\t\t\t<div class=\"elementor-spacer-inner\"><\/div>\n\t\t<\/div>\n\t\t\t\t\t\t<\/div>\n\t\t\t\t<\/div>\n\t\t\t\t\t<\/div>\n\t\t<\/div>\n\t\t\t\t\t<\/div>\n\t\t<\/section>\n\t\t\t\t<section class=\"elementor-section elementor-top-section elementor-element elementor-element-e0bc2bd elementor-section-boxed elementor-section-height-default elementor-section-height-default\" data-id=\"e0bc2bd\" data-element_type=\"section\" data-e-type=\"section\">\n\t\t\t\t\t\t<div class=\"elementor-container elementor-column-gap-default\">\n\t\t\t\t\t<div class=\"elementor-column elementor-col-100 elementor-top-column elementor-element elementor-element-bc0e4af\" data-id=\"bc0e4af\" data-element_type=\"column\" data-e-type=\"column\">\n\t\t\t<div class=\"elementor-widget-wrap elementor-element-populated\">\n\t\t\t\t\t\t<div class=\"elementor-element elementor-element-d8df6e3 elementor-widget elementor-widget-heading\" data-id=\"d8df6e3\" data-element_type=\"widget\" data-e-type=\"widget\" data-widget_type=\"heading.default\">\n\t\t\t\t<div class=\"elementor-widget-container\">\n\t\t\t\t\t<span class=\"elementor-heading-title elementor-size-default\">Venues and Anouncements<\/span>\t\t\t\t<\/div>\n\t\t\t\t<\/div>\n\t\t\t\t\t<\/div>\n\t\t<\/div>\n\t\t\t\t\t<\/div>\n\t\t<\/section>\n\t\t\t\t<section class=\"elementor-section elementor-top-section elementor-element elementor-element-0217562 elementor-section-boxed elementor-section-height-default elementor-section-height-default\" data-id=\"0217562\" data-element_type=\"section\" data-e-type=\"section\">\n\t\t\t\t\t\t<div class=\"elementor-container elementor-column-gap-default\">\n\t\t\t\t\t<div class=\"elementor-column elementor-col-100 elementor-top-column elementor-element elementor-element-90e1393\" data-id=\"90e1393\" data-element_type=\"column\" data-e-type=\"column\">\n\t\t\t<div class=\"elementor-widget-wrap elementor-element-populated\">\n\t\t\t\t\t\t<div class=\"elementor-element elementor-element-cb27592 elementor-widget elementor-widget-spacer\" data-id=\"cb27592\" data-element_type=\"widget\" data-e-type=\"widget\" data-widget_type=\"spacer.default\">\n\t\t\t\t<div class=\"elementor-widget-container\">\n\t\t\t\t\t\t\t<div class=\"elementor-spacer\">\n\t\t\t<div class=\"elementor-spacer-inner\"><\/div>\n\t\t<\/div>\n\t\t\t\t\t\t<\/div>\n\t\t\t\t<\/div>\n\t\t\t\t\t<\/div>\n\t\t<\/div>\n\t\t\t\t\t<\/div>\n\t\t<\/section>\n\t\t\t\t<section class=\"elementor-section elementor-top-section elementor-element elementor-element-b75035b elementor-section-boxed elementor-section-height-default elementor-section-height-default\" data-id=\"b75035b\" data-element_type=\"section\" data-e-type=\"section\">\n\t\t\t\t\t\t<div class=\"elementor-container elementor-column-gap-default\">\n\t\t\t\t\t<div class=\"elementor-column elementor-col-100 elementor-top-column elementor-element elementor-element-50b268a\" data-id=\"50b268a\" data-element_type=\"column\" data-e-type=\"column\">\n\t\t\t<div class=\"elementor-widget-wrap elementor-element-populated\">\n\t\t\t\t\t\t<div class=\"elementor-element elementor-element-9a9fbd3 elementor-widget elementor-widget-text-editor\" data-id=\"9a9fbd3\" data-element_type=\"widget\" data-e-type=\"widget\" data-widget_type=\"text-editor.default\">\n\t\t\t\t<div class=\"elementor-widget-container\">\n\t\t\t\t\t\t\t\t\t<p><span style=\"text-align: center;\">Sehen Sie, wann Gyaan in Ihrer N\u00e4he auftritt \u2026<\/span><\/p>\t\t\t\t\t\t\t\t<\/div>\n\t\t\t\t<\/div>\n\t\t\t\t\t<\/div>\n\t\t<\/div>\n\t\t\t\t\t<\/div>\n\t\t<\/section>\n\t\t\t\t<section class=\"elementor-section elementor-top-section elementor-element elementor-element-5cd6e20 elementor-section-boxed elementor-section-height-default elementor-section-height-default\" data-id=\"5cd6e20\" data-element_type=\"section\" data-e-type=\"section\">\n\t\t\t\t\t\t<div class=\"elementor-container elementor-column-gap-default\">\n\t\t\t\t\t<div class=\"elementor-column elementor-col-100 elementor-top-column elementor-element elementor-element-2af0af3\" data-id=\"2af0af3\" data-element_type=\"column\" data-e-type=\"column\">\n\t\t\t<div class=\"elementor-widget-wrap elementor-element-populated\">\n\t\t\t\t\t\t<div class=\"elementor-element elementor-element-b04a9fc elementor-widget elementor-widget-spacer\" data-id=\"b04a9fc\" data-element_type=\"widget\" data-e-type=\"widget\" data-widget_type=\"spacer.default\">\n\t\t\t\t<div class=\"elementor-widget-container\">\n\t\t\t\t\t\t\t<div class=\"elementor-spacer\">\n\t\t\t<div class=\"elementor-spacer-inner\"><\/div>\n\t\t<\/div>\n\t\t\t\t\t\t<\/div>\n\t\t\t\t<\/div>\n\t\t\t\t\t<\/div>\n\t\t<\/div>\n\t\t\t\t\t<\/div>\n\t\t<\/section>\n\t\t\t\t<section class=\"elementor-section elementor-top-section elementor-element elementor-element-345c894 elementor-section-boxed elementor-section-height-default elementor-section-height-default\" data-id=\"345c894\" data-element_type=\"section\" data-e-type=\"section\">\n\t\t\t\t\t\t<div class=\"elementor-container elementor-column-gap-default\">\n\t\t\t\t\t<div class=\"elementor-column elementor-col-100 elementor-top-column elementor-element elementor-element-a8934a5\" data-id=\"a8934a5\" data-element_type=\"column\" data-e-type=\"column\">\n\t\t\t<div class=\"elementor-widget-wrap elementor-element-populated\">\n\t\t\t\t\t\t<div class=\"elementor-element elementor-element-36408ac elementor-grid-eael-col-2 elementor-grid-tablet-eael-col-2 elementor-grid-mobile-eael-col-1 elementor-widget elementor-widget-eael-post-grid\" data-id=\"36408ac\" data-element_type=\"widget\" data-e-type=\"widget\" data-settings=\"{&quot;eael_post_grid_columns&quot;:&quot;eael-col-2&quot;,&quot;eael_post_grid_columns_tablet&quot;:&quot;eael-col-2&quot;,&quot;eael_post_grid_columns_mobile&quot;:&quot;eael-col-1&quot;}\" data-widget_type=\"eael-post-grid.default\">\n\t\t\t\t<div class=\"elementor-widget-container\">\n\t\t\t\t\t<div id=\"eael-post-grid-36408ac\" class=\"eael-post-grid-container\">\n            <div class=\"eael-post-grid eael-post-appender eael-post-appender-36408ac eael-post-grid-style-one\" data-layout-mode=\"masonry\"><article class=\"eael-grid-post  eael-post-grid-column eael-pg-post-1319 category-events\" data-id=\"1319\">\n        <div class=\"eael-grid-post-holder\">\n            <div class=\"eael-grid-post-holder-inner\"><div class=\"eael-entry-media\"><div class=\"eael-entry-overlay fade-in\"><i class=\"fas fa-long-arrow-alt-right\" aria-hidden=\"true\"><\/i><a href=\"https:\/\/gyaanlyon.com\/de\/events-gyaan-lyon-launches-his-website-on-luciano-pavarottis-90th-birthday\/\"><\/a><\/div><div class=\"eael-entry-thumbnail\">\n                <img decoding=\"async\" width=\"300\" height=\"300\" src=\"https:\/\/gyaanlyon.com\/wp-content\/uploads\/2025\/10\/gyaansings_lp-300x300.jpg\" class=\"attachment-medium size-medium wp-image-1192\" alt=\"\" srcset=\"https:\/\/gyaanlyon.com\/wp-content\/uploads\/2025\/10\/gyaansings_lp-300x300.jpg 300w, https:\/\/gyaanlyon.com\/wp-content\/uploads\/2025\/10\/gyaansings_lp-1024x1024.jpg 1024w, https:\/\/gyaanlyon.com\/wp-content\/uploads\/2025\/10\/gyaansings_lp-150x150.jpg 150w, https:\/\/gyaanlyon.com\/wp-content\/uploads\/2025\/10\/gyaansings_lp-768x768.jpg 768w, https:\/\/gyaanlyon.com\/wp-content\/uploads\/2025\/10\/gyaansings_lp-1536x1536.jpg 1536w, https:\/\/gyaanlyon.com\/wp-content\/uploads\/2025\/10\/gyaansings_lp-2048x2048.jpg 2048w, https:\/\/gyaanlyon.com\/wp-content\/uploads\/2025\/10\/gyaansings_lp-12x12.jpg 12w\" sizes=\"(max-width: 300px) 100vw, 300px\" \/>\n            <\/div>\n        <\/div><div class=\"eael-entry-wrapper\"><header class=\"eael-entry-header\"><h2 class=\"eael-entry-title\"><a class=\"eael-grid-post-link\" href=\"https:\/\/gyaanlyon.com\/de\/events-gyaan-lyon-launches-his-website-on-luciano-pavarottis-90th-birthday\/\" title=\"Gyaan Lyon launches his website on Luciano Pavarotti&#8217;s 90th Birthday\u00a0\">Gyaan Lyon launches his website on Luciano Pavarotti&#8217;s 90th Birthday\u00a0<\/a><\/h2><\/header><div class=\"eael-entry-content\">\n                        <div class=\"eael-grid-post-excerpt\"><p>Heute, zum 90. Geburtstag meines Tenors aus der Kindheit, starte ich meine pers\u00f6nliche Website als darstellender K\u00fcnstler, Musiker und K\u00fcnstler \u2026<\/p><\/div>\n                    <\/div><\/div><\/div>\n        <\/div>\n    <\/article><article class=\"eael-grid-post  eael-post-grid-column eael-pg-post-1502 category-events\" data-id=\"1502\">\n        <div class=\"eael-grid-post-holder\">\n            <div class=\"eael-grid-post-holder-inner\"><div class=\"eael-entry-media\"><div class=\"eael-entry-overlay fade-in\"><i class=\"fas fa-long-arrow-alt-right\" aria-hidden=\"true\"><\/i><a href=\"https:\/\/gyaanlyon.com\/de\/events-a-great-concert-in-sorrento-at-the-villa-crawford\/\"><\/a><\/div><div class=\"eael-entry-thumbnail\">\n                <img decoding=\"async\" width=\"212\" height=\"300\" src=\"https:\/\/gyaanlyon.com\/wp-content\/uploads\/2025\/09\/Cover-GL-Sorrento-212x300.jpeg\" class=\"attachment-medium size-medium wp-image-1287\" alt=\"\" srcset=\"https:\/\/gyaanlyon.com\/wp-content\/uploads\/2025\/09\/Cover-GL-Sorrento-212x300.jpeg 212w, https:\/\/gyaanlyon.com\/wp-content\/uploads\/2025\/09\/Cover-GL-Sorrento-724x1024.jpeg 724w, https:\/\/gyaanlyon.com\/wp-content\/uploads\/2025\/09\/Cover-GL-Sorrento-768x1086.jpeg 768w, https:\/\/gyaanlyon.com\/wp-content\/uploads\/2025\/09\/Cover-GL-Sorrento-1086x1536.jpeg 1086w, https:\/\/gyaanlyon.com\/wp-content\/uploads\/2025\/09\/Cover-GL-Sorrento-8x12.jpeg 8w, https:\/\/gyaanlyon.com\/wp-content\/uploads\/2025\/09\/Cover-GL-Sorrento.jpeg 1242w\" sizes=\"(max-width: 212px) 100vw, 212px\" \/>\n            <\/div>\n        <\/div><div class=\"eael-entry-wrapper\"><header class=\"eael-entry-header\"><h2 class=\"eael-entry-title\"><a class=\"eael-grid-post-link\" href=\"https:\/\/gyaanlyon.com\/de\/events-a-great-concert-in-sorrento-at-the-villa-crawford\/\" title=\"A Great Concert in Sorrento at the Villa Crawford\">A Great Concert in Sorrento at the Villa Crawford<\/a><\/h2><\/header><div class=\"eael-entry-content\">\n                        <div class=\"eael-grid-post-excerpt\"><p>Vielen Dank an Villa Crawford und das wunderbare Publikum f\u00fcr ein wunderbares Konzert!<\/p><\/div>\n                    <\/div><\/div><\/div>\n        <\/div>\n    <\/article><article class=\"eael-grid-post  eael-post-grid-column eael-pg-post-1282 category-events\" data-id=\"1282\">\n        <div class=\"eael-grid-post-holder\">\n            <div class=\"eael-grid-post-holder-inner\"><div class=\"eael-entry-media\"><div class=\"eael-entry-overlay fade-in\"><i class=\"fas fa-long-arrow-alt-right\" aria-hidden=\"true\"><\/i><a href=\"https:\/\/gyaanlyon.com\/de\/events-torna-a-surriento-gyaan-lyon-concert-in-sorrento\/\"><\/a><\/div><div class=\"eael-entry-thumbnail\">\n                <img loading=\"lazy\" decoding=\"async\" width=\"300\" height=\"126\" src=\"https:\/\/gyaanlyon.com\/wp-content\/uploads\/2025\/10\/SHRT0011-GYAAN-LYON-CONCERT-IN-SORRENTO-AT-VILLA-CRAWFORD-THUMBNAIL-300x126.jpeg\" class=\"attachment-medium size-medium wp-image-1191\" alt=\"\" srcset=\"https:\/\/gyaanlyon.com\/wp-content\/uploads\/2025\/10\/SHRT0011-GYAAN-LYON-CONCERT-IN-SORRENTO-AT-VILLA-CRAWFORD-THUMBNAIL-300x126.jpeg 300w, https:\/\/gyaanlyon.com\/wp-content\/uploads\/2025\/10\/SHRT0011-GYAAN-LYON-CONCERT-IN-SORRENTO-AT-VILLA-CRAWFORD-THUMBNAIL-1024x431.jpeg 1024w, https:\/\/gyaanlyon.com\/wp-content\/uploads\/2025\/10\/SHRT0011-GYAAN-LYON-CONCERT-IN-SORRENTO-AT-VILLA-CRAWFORD-THUMBNAIL-768x324.jpeg 768w, https:\/\/gyaanlyon.com\/wp-content\/uploads\/2025\/10\/SHRT0011-GYAAN-LYON-CONCERT-IN-SORRENTO-AT-VILLA-CRAWFORD-THUMBNAIL-18x8.jpeg 18w, https:\/\/gyaanlyon.com\/wp-content\/uploads\/2025\/10\/SHRT0011-GYAAN-LYON-CONCERT-IN-SORRENTO-AT-VILLA-CRAWFORD-THUMBNAIL.jpeg 1201w\" sizes=\"(max-width: 300px) 100vw, 300px\" \/>\n            <\/div>\n        <\/div><div class=\"eael-entry-wrapper\"><header class=\"eael-entry-header\"><h2 class=\"eael-entry-title\"><a class=\"eael-grid-post-link\" href=\"https:\/\/gyaanlyon.com\/de\/events-torna-a-surriento-gyaan-lyon-concert-in-sorrento\/\" title=\"TORNA A SURRIENTO\">TORNA A SURRIENTO<\/a><\/h2><\/header><div class=\"eael-entry-content\">\n                        <div class=\"eael-grid-post-excerpt\"><p>Nur f\u00fcr eine Nacht wird Gyaan Lyon in Sorrent an der Bucht von Neapel in der atemberaubenden Villa Crawford auftreten....<\/p><\/div>\n                    <\/div><\/div><\/div>\n        <\/div>\n    <\/article><article class=\"eael-grid-post  eael-post-grid-column eael-pg-post-1485 category-events\" data-id=\"1485\">\n        <div class=\"eael-grid-post-holder\">\n            <div class=\"eael-grid-post-holder-inner\"><div class=\"eael-entry-media\"><div class=\"eael-entry-overlay fade-in\"><i class=\"fas fa-long-arrow-alt-right\" aria-hidden=\"true\"><\/i><a href=\"https:\/\/gyaanlyon.com\/de\/events-gyaan-lyon-performs-at-the-inauguration-of-the-new-strawberry-field-centre\/\"><\/a><\/div><div class=\"eael-entry-thumbnail\">\n                <img loading=\"lazy\" decoding=\"async\" width=\"300\" height=\"300\" src=\"https:\/\/gyaanlyon.com\/wp-content\/uploads\/2025\/10\/IMG_3476-300x300.jpg\" class=\"attachment-medium size-medium wp-image-1455\" alt=\"GYAAN LYON WITH JULIA BAIRD AT STRAWBERRY FIELD\" srcset=\"https:\/\/gyaanlyon.com\/wp-content\/uploads\/2025\/10\/IMG_3476-300x300.jpg 300w, https:\/\/gyaanlyon.com\/wp-content\/uploads\/2025\/10\/IMG_3476-1024x1024.jpg 1024w, https:\/\/gyaanlyon.com\/wp-content\/uploads\/2025\/10\/IMG_3476-150x150.jpg 150w, https:\/\/gyaanlyon.com\/wp-content\/uploads\/2025\/10\/IMG_3476-768x768.jpg 768w, https:\/\/gyaanlyon.com\/wp-content\/uploads\/2025\/10\/IMG_3476-12x12.jpg 12w, https:\/\/gyaanlyon.com\/wp-content\/uploads\/2025\/10\/IMG_3476.jpg 1440w\" sizes=\"(max-width: 300px) 100vw, 300px\" \/>\n            <\/div>\n        <\/div><div class=\"eael-entry-wrapper\"><header class=\"eael-entry-header\"><h2 class=\"eael-entry-title\"><a class=\"eael-grid-post-link\" href=\"https:\/\/gyaanlyon.com\/de\/events-gyaan-lyon-performs-at-the-inauguration-of-the-new-strawberry-field-centre\/\" title=\"GYAAN LYON TRITT BEI DER EINWEIHUNG DES NEUEN STRAWBERRY FIELD CENTRE DER HEILSARMEE IN LIVERPOOL, ENGLAND AUF\">GYAAN LYON TRITT BEI DER EINWEIHUNG DES NEUEN STRAWBERRY FIELD CENTRE DER HEILSARMEE IN LIVERPOOL, ENGLAND AUF<\/a><\/h2><\/header><div class=\"eael-entry-content\">\n                        <div class=\"eael-grid-post-excerpt\"><p>Es war mir eine gro\u00dfe Ehre, bei der Er\u00f6ffnung des neuen Strawberry Field Centre der Heilsarmee in ... aufzutreten.<\/p><\/div>\n                    <\/div><\/div><\/div>\n        <\/div>\n    <\/article><article class=\"eael-grid-post  eael-post-grid-column eael-pg-post-1345 category-events\" data-id=\"1345\">\n        <div class=\"eael-grid-post-holder\">\n            <div class=\"eael-grid-post-holder-inner\"><div class=\"eael-entry-media\"><div class=\"eael-entry-overlay fade-in\"><i class=\"fas fa-long-arrow-alt-right\" aria-hidden=\"true\"><\/i><a href=\"https:\/\/gyaanlyon.com\/de\/events-the-salvation-armys-uk-leader-officially-opens-the-new-strawberry-field-centre\/\"><\/a><\/div><div class=\"eael-entry-thumbnail\">\n                <img loading=\"lazy\" decoding=\"async\" width=\"300\" height=\"200\" src=\"https:\/\/gyaanlyon.com\/wp-content\/uploads\/2024\/06\/SALVATION_ARMY_OFFICIAL_OPENING_12112019-65-300x200.jpg\" class=\"attachment-medium size-medium wp-image-1002\" alt=\"SALVATION_ARMY OFFICIAL OPENING OF STRWBERRY FIELD\" srcset=\"https:\/\/gyaanlyon.com\/wp-content\/uploads\/2024\/06\/SALVATION_ARMY_OFFICIAL_OPENING_12112019-65-300x200.jpg 300w, https:\/\/gyaanlyon.com\/wp-content\/uploads\/2024\/06\/SALVATION_ARMY_OFFICIAL_OPENING_12112019-65-768x511.jpg 768w, https:\/\/gyaanlyon.com\/wp-content\/uploads\/2024\/06\/SALVATION_ARMY_OFFICIAL_OPENING_12112019-65-18x12.jpg 18w, https:\/\/gyaanlyon.com\/wp-content\/uploads\/2024\/06\/SALVATION_ARMY_OFFICIAL_OPENING_12112019-65.jpg 1000w\" sizes=\"(max-width: 300px) 100vw, 300px\" \/>\n            <\/div>\n        <\/div><div class=\"eael-entry-wrapper\"><header class=\"eael-entry-header\"><h2 class=\"eael-entry-title\"><a class=\"eael-grid-post-link\" href=\"https:\/\/gyaanlyon.com\/de\/events-the-salvation-armys-uk-leader-officially-opens-the-new-strawberry-field-centre\/\" title=\"Der britische Leiter der Heilsarmee er\u00f6ffnet offiziell das neue Strawberry Field-Zentrum\">Der britische Leiter der Heilsarmee er\u00f6ffnet offiziell das neue Strawberry Field-Zentrum<\/a><\/h2><\/header><div class=\"eael-entry-content\">\n                        <div class=\"eael-grid-post-excerpt\"><p>LIVERPOOL, GROSSBRITANNIEN, 12. NOVEMBER 2019 \u2013 Der Leiter der Heilsarmee in Gro\u00dfbritannien, Kommissar Anthony Cotterill, wird das neue Strawberry Field offiziell er\u00f6ffnen \u2026<\/p><\/div>\n                    <\/div><\/div><\/div>\n        <\/div>\n    <\/article><\/div>\n            <div class=\"clearfix\"><\/div>\n        <\/div>\t\t\t\t<\/div>\n\t\t\t\t<\/div>\n\t\t\t\t\t<\/div>\n\t\t<\/div>\n\t\t\t\t\t<\/div>\n\t\t<\/section>\n\t\t\t\t<section class=\"elementor-section elementor-top-section elementor-element elementor-element-ee056c0 elementor-section-boxed elementor-section-height-default elementor-section-height-default\" data-id=\"ee056c0\" data-element_type=\"section\" data-e-type=\"section\">\n\t\t\t\t\t\t<div class=\"elementor-container elementor-column-gap-default\">\n\t\t\t\t\t<div class=\"elementor-column elementor-col-100 elementor-top-column elementor-element elementor-element-57f72a6\" data-id=\"57f72a6\" data-element_type=\"column\" data-e-type=\"column\">\n\t\t\t<div class=\"elementor-widget-wrap elementor-element-populated\">\n\t\t\t\t\t\t<div class=\"elementor-element elementor-element-cd404f4 elementor-widget elementor-widget-spacer\" data-id=\"cd404f4\" data-element_type=\"widget\" data-e-type=\"widget\" data-widget_type=\"spacer.default\">\n\t\t\t\t<div class=\"elementor-widget-container\">\n\t\t\t\t\t\t\t<div class=\"elementor-spacer\">\n\t\t\t<div class=\"elementor-spacer-inner\"><\/div>\n\t\t<\/div>\n\t\t\t\t\t\t<\/div>\n\t\t\t\t<\/div>\n\t\t\t\t\t<\/div>\n\t\t<\/div>\n\t\t\t\t\t<\/div>\n\t\t<\/section>\n\t\t\t\t<\/div>","protected":false},"excerpt":{"rendered":"<p>Finden Sie heraus, wann Gyaan in Ihrer N\u00e4he auftritt\u2026<\/p>","protected":false},"author":2,"featured_media":1127,"parent":0,"menu_order":0,"comment_status":"closed","ping_status":"closed","template":"","meta":{"give_campaign_id":0,"footnotes":""},"class_list":["post-1095","page","type-page","status-publish","has-post-thumbnail","hentry"],"campaignId":"0","_links":{"self":[{"href":"https:\/\/gyaanlyon.com\/de\/wp-json\/wp\/v2\/pages\/1095","targetHints":{"allow":["GET"]}}],"collection":[{"href":"https:\/\/gyaanlyon.com\/de\/wp-json\/wp\/v2\/pages"}],"about":[{"href":"https:\/\/gyaanlyon.com\/de\/wp-json\/wp\/v2\/types\/page"}],"author":[{"embeddable":true,"href":"https:\/\/gyaanlyon.com\/de\/wp-json\/wp\/v2\/users\/2"}],"replies":[{"embeddable":true,"href":"https:\/\/gyaanlyon.com\/de\/wp-json\/wp\/v2\/comments?post=1095"}],"version-history":[{"count":0,"href":"https:\/\/gyaanlyon.com\/de\/wp-json\/wp\/v2\/pages\/1095\/revisions"}],"wp:featuredmedia":[{"embeddable":true,"href":"https:\/\/gyaanlyon.com\/de\/wp-json\/wp\/v2\/media\/1127"}],"wp:attachment":[{"href":"https:\/\/gyaanlyon.com\/de\/wp-json\/wp\/v2\/media?parent=1095"}],"curies":[{"name":"wp","href":"https:\/\/api.w.org\/{rel}","templated":true}]}}