{"id":71,"date":"2025-10-12T09:21:00","date_gmt":"2025-10-12T07:21:00","guid":{"rendered":"https:\/\/gyaanlyon.com\/?page_id=71"},"modified":"2026-03-09T15:27:09","modified_gmt":"2026-03-09T13:27:09","slug":"about","status":"publish","type":"page","link":"https:\/\/gyaanlyon.com\/de\/about\/","title":{"rendered":"\u00dcBER MICH"},"content":{"rendered":"<div data-elementor-type=\"wp-page\" data-elementor-id=\"71\" class=\"elementor elementor-71\" data-elementor-post-type=\"page\">\n\t\t\t\t\t\t<section class=\"elementor-section elementor-top-section elementor-element elementor-element-4d8e13d elementor-section-boxed elementor-section-height-default elementor-section-height-default\" data-id=\"4d8e13d\" data-element_type=\"section\" data-e-type=\"section\">\n\t\t\t\t\t\t<div class=\"elementor-container elementor-column-gap-default\">\n\t\t\t\t\t<div class=\"elementor-column elementor-col-100 elementor-top-column elementor-element elementor-element-05218f4\" data-id=\"05218f4\" data-element_type=\"column\" data-e-type=\"column\">\n\t\t\t<div class=\"elementor-widget-wrap elementor-element-populated\">\n\t\t\t\t\t\t<div class=\"elementor-element elementor-element-bf3405c elementor-widget elementor-widget-image\" data-id=\"bf3405c\" data-element_type=\"widget\" data-e-type=\"widget\" data-widget_type=\"image.default\">\n\t\t\t\t<div class=\"elementor-widget-container\">\n\t\t\t\t\t\t\t\t\t\t\t\t\t\t\t<img decoding=\"async\" src=\"https:\/\/gyaanlyon.com\/wp-content\/uploads\/2022\/11\/gyaansings-lp.jpg\" title=\"\" alt=\"\" loading=\"lazy\" \/>\t\t\t\t\t\t\t\t\t\t\t\t\t\t\t<\/div>\n\t\t\t\t<\/div>\n\t\t\t\t\t<\/div>\n\t\t<\/div>\n\t\t\t\t\t<\/div>\n\t\t<\/section>\n\t\t\t\t<section class=\"elementor-section elementor-top-section elementor-element elementor-element-0b28ebe elementor-section-boxed elementor-section-height-default elementor-section-height-default\" data-id=\"0b28ebe\" data-element_type=\"section\" data-e-type=\"section\">\n\t\t\t\t\t\t<div class=\"elementor-container elementor-column-gap-default\">\n\t\t\t\t\t<div class=\"elementor-column elementor-col-100 elementor-top-column elementor-element elementor-element-b096eb2\" data-id=\"b096eb2\" data-element_type=\"column\" data-e-type=\"column\">\n\t\t\t<div class=\"elementor-widget-wrap elementor-element-populated\">\n\t\t\t\t\t\t<div class=\"elementor-element elementor-element-f11be3d elementor-widget elementor-widget-text-editor\" data-id=\"f11be3d\" data-element_type=\"widget\" data-e-type=\"widget\" data-widget_type=\"text-editor.default\">\n\t\t\t\t<div class=\"elementor-widget-container\">\n\t\t\t\t\t\t\t\t\t<p>Gyaan Lyon ist ein franz\u00f6sisch-indischer Tenor und Songwriter mit angeborener rechtsseitiger spastischer Hemiplegie, einer Form der Zerebralparese. Er ist ein \u00dcberlebender. Gyaan wurde mit einer erheblichen Sch\u00e4digung der linken Gehirnh\u00e4lfte (dem Teil, der Sprache und Kommunikation steuert) geboren, und seine Eltern sagten, er w\u00fcrde vielleicht nie sprechen. Bemerkenswerterweise spricht er heute drei Sprachen flie\u00dfend \u2013 Franz\u00f6sisch, Englisch und Deutsch \u2013 und hat in Frankreich, Gro\u00dfbritannien und der Schweiz gelebt und studiert, bevor er vor einigen Jahren nach \u00d6sterreich zog. Seit seiner ersten Behandlung im Alter von zehn Jahren in Frankreich hat die Tomatis-Methode eine bedeutende Rolle in seinem Leben gespielt und ist bis heute eine wichtige Methode f\u00fcr ihn auf seinem Weg zur Stimme. In seiner Freizeit ist Gyaan \u201eThe Voice Detective\u201c und pr\u00e4sentiert auf seiner Website einen monatlichen Vodcast, in dem er Experten zu Stimme und Belcanto interviewt. <u style=\"font-weight: bold;\"><a href=\"https:\/\/voicedetective.com\/\" target=\"_blank\" rel=\"noopener\">VOICEDETECTIVE.COM<\/a><\/u><a href=\"https:\/\/voicedetective.com\/\" target=\"_blank\" rel=\"noopener\">.<\/a><\/p><p>\u00a0<\/p>\t\t\t\t\t\t\t\t<\/div>\n\t\t\t\t<\/div>\n\t\t\t\t\t<\/div>\n\t\t<\/div>\n\t\t\t\t\t<\/div>\n\t\t<\/section>\n\t\t\t\t<section class=\"elementor-section elementor-top-section elementor-element elementor-element-6f44bf8 elementor-section-boxed elementor-section-height-default elementor-section-height-default\" data-id=\"6f44bf8\" data-element_type=\"section\" data-e-type=\"section\">\n\t\t\t\t\t\t<div class=\"elementor-container elementor-column-gap-default\">\n\t\t\t\t\t<div class=\"elementor-column elementor-col-100 elementor-top-column elementor-element elementor-element-6709fb6\" data-id=\"6709fb6\" data-element_type=\"column\" data-e-type=\"column\">\n\t\t\t<div class=\"elementor-widget-wrap elementor-element-populated\">\n\t\t\t\t\t\t<div class=\"elementor-element elementor-element-01dac2b elementor-widget elementor-widget-spacer\" data-id=\"01dac2b\" data-element_type=\"widget\" data-e-type=\"widget\" data-widget_type=\"spacer.default\">\n\t\t\t\t<div class=\"elementor-widget-container\">\n\t\t\t\t\t\t\t<div class=\"elementor-spacer\">\n\t\t\t<div class=\"elementor-spacer-inner\"><\/div>\n\t\t<\/div>\n\t\t\t\t\t\t<\/div>\n\t\t\t\t<\/div>\n\t\t\t\t\t<\/div>\n\t\t<\/div>\n\t\t\t\t\t<\/div>\n\t\t<\/section>\n\t\t\t\t<section class=\"elementor-section elementor-top-section elementor-element elementor-element-c3e9a11 elementor-section-boxed elementor-section-height-default elementor-section-height-default\" data-id=\"c3e9a11\" data-element_type=\"section\" data-e-type=\"section\">\n\t\t\t\t\t\t<div class=\"elementor-container elementor-column-gap-default\">\n\t\t\t\t\t<div class=\"elementor-column elementor-col-100 elementor-top-column elementor-element elementor-element-23da98d\" data-id=\"23da98d\" data-element_type=\"column\" data-e-type=\"column\">\n\t\t\t<div class=\"elementor-widget-wrap elementor-element-populated\">\n\t\t\t\t\t\t<div class=\"elementor-element elementor-element-68d2933 elementor-widget elementor-widget-image\" data-id=\"68d2933\" data-element_type=\"widget\" data-e-type=\"widget\" data-widget_type=\"image.default\">\n\t\t\t\t<div class=\"elementor-widget-container\">\n\t\t\t\t\t\t\t\t\t\t\t\t\t\t\t\t<a href=\"https:\/\/voicedetective.com\/\" target=\"_blank\" rel=\"noopener\">\n\t\t\t\t\t\t\t<img decoding=\"async\" width=\"149\" height=\"300\" src=\"https:\/\/gyaanlyon.com\/wp-content\/uploads\/2024\/06\/gyaan_walking-149x300.gif\" class=\"attachment-medium size-medium wp-image-965\" alt=\"The Voice Detective\" srcset=\"https:\/\/gyaanlyon.com\/wp-content\/uploads\/2024\/06\/gyaan_walking-149x300.gif 149w, https:\/\/gyaanlyon.com\/wp-content\/uploads\/2024\/06\/gyaan_walking-6x12.gif 6w\" sizes=\"(max-width: 149px) 100vw, 149px\" \/>\t\t\t\t\t\t\t\t<\/a>\n\t\t\t\t\t\t\t\t\t\t\t\t\t\t\t<\/div>\n\t\t\t\t<\/div>\n\t\t\t\t\t<\/div>\n\t\t<\/div>\n\t\t\t\t\t<\/div>\n\t\t<\/section>\n\t\t\t\t<section class=\"elementor-section elementor-top-section elementor-element elementor-element-722716d elementor-section-boxed elementor-section-height-default elementor-section-height-default\" data-id=\"722716d\" data-element_type=\"section\" data-e-type=\"section\">\n\t\t\t\t\t\t<div class=\"elementor-container elementor-column-gap-default\">\n\t\t\t\t\t<div class=\"elementor-column elementor-col-100 elementor-top-column elementor-element elementor-element-3f509cb\" data-id=\"3f509cb\" data-element_type=\"column\" data-e-type=\"column\">\n\t\t\t<div class=\"elementor-widget-wrap elementor-element-populated\">\n\t\t\t\t\t\t<div class=\"elementor-element elementor-element-9e61c17 elementor-widget elementor-widget-text-editor\" data-id=\"9e61c17\" data-element_type=\"widget\" data-e-type=\"widget\" data-widget_type=\"text-editor.default\">\n\t\t\t\t<div class=\"elementor-widget-container\">\n\t\t\t\t\t\t\t\t\t<h3 style=\"font-family: var( --e-global-typography-primary-font-family ), Sans-serif; outline-color: currentcolor; outline-style: none; text-align: center;\" data-elementor-setting-key=\"title\" data-pen-placeholder=\"Type Here...\"><span style=\"font-size: 20px;\">&nbsp;Follow Gyaan Lyon&#8217;s ongoing vocal journey on <\/span><a href=\"http:\/\/www.voicedetective.com\" style=\"background-color: rgb(255, 255, 255); font-size: 20px;\" target=\"_blank\" rel=\"noopener\"><b>Voicedetective.com<\/b><\/a><\/h3>\t\t\t\t\t\t\t\t<\/div>\n\t\t\t\t<\/div>\n\t\t\t\t\t<\/div>\n\t\t<\/div>\n\t\t\t\t\t<\/div>\n\t\t<\/section>\n\t\t\t\t<\/div>","protected":false},"excerpt":{"rendered":"<p>Gyaan Lyon is a Franco-Indian Tenor and Songwriter with Congenital Right Spastic Hemiplegia, a form of Cerebral Palsy. He is a survivor. Born with significant \u00a0damage to the left hemisphere of his brain (the part that controls language and communication), Gyaan\u2019s parents were told he might never speak. Remarkably, he now speaks three languages fluently\u2014French, [&hellip;]<\/p>\n","protected":false},"author":3,"featured_media":1192,"parent":0,"menu_order":0,"comment_status":"closed","ping_status":"closed","template":"","meta":{"give_campaign_id":0,"footnotes":""},"class_list":["post-71","page","type-page","status-publish","has-post-thumbnail","hentry"],"campaignId":"0","_links":{"self":[{"href":"https:\/\/gyaanlyon.com\/de\/wp-json\/wp\/v2\/pages\/71","targetHints":{"allow":["GET"]}}],"collection":[{"href":"https:\/\/gyaanlyon.com\/de\/wp-json\/wp\/v2\/pages"}],"about":[{"href":"https:\/\/gyaanlyon.com\/de\/wp-json\/wp\/v2\/types\/page"}],"author":[{"embeddable":true,"href":"https:\/\/gyaanlyon.com\/de\/wp-json\/wp\/v2\/users\/3"}],"replies":[{"embeddable":true,"href":"https:\/\/gyaanlyon.com\/de\/wp-json\/wp\/v2\/comments?post=71"}],"version-history":[{"count":0,"href":"https:\/\/gyaanlyon.com\/de\/wp-json\/wp\/v2\/pages\/71\/revisions"}],"wp:featuredmedia":[{"embeddable":true,"href":"https:\/\/gyaanlyon.com\/de\/wp-json\/wp\/v2\/media\/1192"}],"wp:attachment":[{"href":"https:\/\/gyaanlyon.com\/de\/wp-json\/wp\/v2\/media?parent=71"}],"curies":[{"name":"wp","href":"https:\/\/api.w.org\/{rel}","templated":true}]}}